{"id":976,"date":"2024-10-03T14:16:35","date_gmt":"2024-10-03T14:16:35","guid":{"rendered":"https:\/\/padina.tusmo.in.rs\/?page_id=976"},"modified":"2025-01-11T10:46:03","modified_gmt":"2025-01-11T10:46:03","slug":"o-nama","status":"publish","type":"page","link":"https:\/\/domzastaralicapadina.com\/en\/o-nama\/","title":{"rendered":"About Us"},"content":{"rendered":"<div id=\"pl-976\"  class=\"panel-layout\" ><div id=\"pg-976-0\"  class=\"panel-grid panel-no-style\" ><div id=\"pgc-976-0-0\"  class=\"panel-grid-cell\" ><div id=\"panel-976-0-0-0\" class=\"so-panel widget widget_sow-headline panel-first-child panel-last-child\" data-index=\"0\" ><div\n\t\t\t\n\t\t\tclass=\"so-widget-sow-headline so-widget-sow-headline-default-90ef914e735b-976\"\n\t\t\t\n\t\t><div class=\"sow-headline-container\">\n\t\t\t\t\t\t<div class=\"decoration\">\n\t\t\t\t\t\t<div class=\"decoration-inside\"><\/div>\n\t\t\t\t\t<\/div>\n\t\t\t\t\t<\/div>\n<\/div><\/div><\/div><\/div><div id=\"pg-976-1\"  class=\"panel-grid panel-no-style\" ><div id=\"pgc-976-1-0\"  class=\"panel-grid-cell\" ><div id=\"panel-976-1-0-0\" class=\"so-panel widget widget_sow-headline panel-first-child panel-last-child\" data-index=\"1\" ><div\n\t\t\t\n\t\t\tclass=\"so-widget-sow-headline so-widget-sow-headline-default-90ef914e735b-976\"\n\t\t\t\n\t\t><div class=\"sow-headline-container\">\n\t\t\t\t\t\t<div class=\"decoration\">\n\t\t\t\t\t\t<div class=\"decoration-inside\"><\/div>\n\t\t\t\t\t<\/div>\n\t\t\t\t\t<\/div>\n<\/div><\/div><\/div><\/div><div id=\"pg-976-2\"  class=\"panel-grid panel-no-style\" ><div id=\"pgc-976-2-0\"  class=\"panel-grid-cell\" ><div id=\"panel-976-2-0-0\" class=\"so-panel widget widget_sow-headline panel-first-child panel-last-child\" data-index=\"2\" ><div\n\t\t\t\n\t\t\tclass=\"so-widget-sow-headline so-widget-sow-headline-default-90ef914e735b-976\"\n\t\t\t\n\t\t><div class=\"sow-headline-container\">\n\t\t\t\t\t\t<div class=\"decoration\">\n\t\t\t\t\t\t<div class=\"decoration-inside\"><\/div>\n\t\t\t\t\t<\/div>\n\t\t\t\t\t<\/div>\n<\/div><\/div><\/div><\/div><div id=\"pg-976-3\"  class=\"panel-grid panel-no-style\" ><div id=\"pgc-976-3-0\"  class=\"panel-grid-cell\" ><div id=\"panel-976-3-0-0\" class=\"so-panel widget widget_sow-headline panel-first-child panel-last-child\" data-index=\"3\" ><div\n\t\t\t\n\t\t\tclass=\"so-widget-sow-headline so-widget-sow-headline-default-b28a51e3407f-976\"\n\t\t\t\n\t\t><div class=\"sow-headline-container\">\n\t\t\t\t\t\t\t<h2 class=\"sow-headline\">\n\t\t\t\t\t\tWhy choose our nursing home?\t\t\t\t\t\t<\/h2>\n\t\t\t\t\t\t\t\t\t\t\t<div class=\"decoration\">\n\t\t\t\t\t\t<div class=\"decoration-inside\"><\/div>\n\t\t\t\t\t<\/div>\n\t\t\t\t\t<\/div>\n<\/div><\/div><\/div><\/div><div id=\"pg-976-4\"  class=\"panel-grid panel-no-style\" ><div id=\"pgc-976-4-0\"  class=\"panel-grid-cell panel-grid-cell-empty\" ><\/div><div id=\"pgc-976-4-1\"  class=\"panel-grid-cell\" ><div id=\"panel-976-4-1-0\" class=\"so-panel widget widget_sow-image panel-first-child panel-last-child\" data-index=\"4\" ><div\n\t\t\t\n\t\t\tclass=\"so-widget-sow-image so-widget-sow-image-default-1b8513c5f0f2-976\"\n\t\t\t\n\t\t>\n<div class=\"sow-image-container\">\n\t\t<img \n\tsrc=\"https:\/\/domzastaralicapadina.com\/wp-content\/uploads\/2024\/09\/04-u-prirodi.webp\" width=\"400\" height=\"500\" srcset=\"https:\/\/domzastaralicapadina.com\/wp-content\/uploads\/2024\/09\/04-u-prirodi.webp 450w, https:\/\/domzastaralicapadina.com\/wp-content\/uploads\/2024\/09\/04-u-prirodi-200x300.webp 200w, https:\/\/domzastaralicapadina.com\/wp-content\/uploads\/2024\/09\/04-u-prirodi-8x12.webp 8w\" sizes=\"(max-width: 333px) 100vw, 333px\" style=\"width: 400px; height: 500px;\" title=\"Dom za stare Padina\" alt=\"Dom za stare Padina\" \t\tclass=\"so-widget-image\"\/>\n\t<\/div>\n\n<\/div><\/div><\/div><div id=\"pgc-976-4-2\"  class=\"panel-grid-cell panel-grid-cell-mobile-last\" ><div id=\"panel-976-4-2-0\" class=\"so-panel widget widget_siteorigin-panels-builder panel-first-child panel-last-child\" data-index=\"5\" ><div id=\"pl-w672a74ec88905\"  class=\"panel-layout\" ><div id=\"pg-w672a74ec88905-0\"  class=\"panel-grid panel-no-style\" ><div id=\"pgc-w672a74ec88905-0-0\"  class=\"panel-grid-cell\" ><div id=\"panel-w672a74ec88905-0-0-0\" class=\"so-panel widget widget_sow-headline panel-first-child panel-last-child\" data-index=\"0\" ><div\n\t\t\t\n\t\t\tclass=\"so-widget-sow-headline so-widget-sow-headline-default-aa7f6731aa3b so-widget-fittext-wrapper\"\n\t\t\t data-fit-text-compressor=\"0.85\"\n\t\t><div class=\"sow-headline-container\">\n\t\t\t\t\t\t\t<h2 class=\"sow-headline\">\n\t\t\t\t\t\tLicensed Home for the Accommodation of Adults and Elderly\t\t\t\t\t\t<\/h2>\n\t\t\t\t\t\t<\/div>\n<\/div><\/div><\/div><\/div><div id=\"pg-w672a74ec88905-1\"  class=\"panel-grid panel-no-style\" ><div id=\"pgc-w672a74ec88905-1-0\"  class=\"panel-grid-cell\" ><div id=\"panel-w672a74ec88905-1-0-0\" class=\"so-panel widget widget_sow-editor panel-first-child panel-last-child\" data-index=\"1\" ><div\n\t\t\t\n\t\t\tclass=\"so-widget-sow-editor so-widget-sow-editor-base\"\n\t\t\t\n\t\t>\n<div class=\"siteorigin-widget-tinymce textwidget\">\n\t<ul>\n<li>Dom za sme\u0161taj odraslih i starijih lica je izgra\u0111en u Republici Srbiji, u prijatnom vojvo\u0111anskom, ju\u017enobanatskom mestu Padina u op\u0161tini Kova\u010dica.Objekat se nalazi u samom centru naseljenog mesta. Povezan je sa <a href=\"https:\/\/domzastaralicapadina.com\/kako-do-nas\/\">glavnim gradovima<\/a>, odnosno putevima kojima se lako, brzo i sigurno sti\u017ee do \u017eelejnih destinacija. Nalazi se 45km od Beograda i 80km od Novog Sada. To je privatna ustanova koja je izgra\u0111ena po evropskim standardima, gde se garantuju sigurnost i udobnost svakog korisnika usluga ove ustanove.\n<p>It is located across from the park and the village church. Additionally, within a 50-meter radius, there is a Health Center, a Cultural Center with rich cultural activities, and a sports playground nearby. In front of the facility, there is a pedestrian zone, as well as parking for motor vehicles.<\/p>\n<p>The location and climate of this beautiful place, or village, allow users of our services to always take a walk in the clean air at any time of the year while feeling safe and protected.<\/p>\n<\/li>\n<\/ul>\n<\/div>\n<\/div><\/div><\/div><\/div><\/div><\/div><\/div><div id=\"pgc-976-4-3\"  class=\"panel-grid-cell panel-grid-cell-empty\" ><\/div><\/div><div id=\"pg-976-5\"  class=\"panel-grid panel-no-style\" ><div id=\"pgc-976-5-0\"  class=\"panel-grid-cell panel-grid-cell-empty\" ><\/div><div id=\"pgc-976-5-1\"  class=\"panel-grid-cell panel-grid-cell-mobile-last\" ><div id=\"panel-976-5-1-0\" class=\"so-panel widget widget_siteorigin-panels-builder panel-first-child panel-last-child\" data-index=\"6\" ><div id=\"pl-w6713e4e27e012\"  class=\"panel-layout\" ><div id=\"pg-w6713e4e27e012-0\"  class=\"panel-grid panel-no-style\" ><div id=\"pgc-w6713e4e27e012-0-0\"  class=\"panel-grid-cell\" ><div id=\"panel-w6713e4e27e012-0-0-0\" class=\"so-panel widget widget_sow-headline panel-first-child panel-last-child\" data-index=\"0\" ><div\n\t\t\t\n\t\t\tclass=\"so-widget-sow-headline so-widget-sow-headline-default-dbe2f1f70ae1 so-widget-fittext-wrapper\"\n\t\t\t data-fit-text-compressor=\"0.85\"\n\t\t><div class=\"sow-headline-container\">\n\t\t\t\t\t\t\t<h2 class=\"sow-headline\">\n\t\t\t\t\t\tNursing Home in Padina \u2013 Genuine Care for Your Loved Ones\t\t\t\t\t\t<\/h2>\n\t\t\t\t\t\t\t\t\t\t\t<div class=\"decoration\">\n\t\t\t\t\t\t<div class=\"decoration-inside\"><\/div>\n\t\t\t\t\t<\/div>\n\t\t\t\t\t<\/div>\n<\/div><\/div><\/div><\/div><\/div><\/div><\/div><div id=\"pgc-976-5-2\"  class=\"panel-grid-cell panel-grid-cell-empty\" ><\/div><\/div><div id=\"pg-976-6\"  class=\"panel-grid panel-no-style\" ><div id=\"pgc-976-6-0\"  class=\"panel-grid-cell panel-grid-cell-empty\" ><\/div><div id=\"pgc-976-6-1\"  class=\"panel-grid-cell panel-grid-cell-mobile-last\" ><div id=\"panel-976-6-1-0\" class=\"so-panel widget widget_siteorigin-panels-builder panel-first-child panel-last-child\" data-index=\"7\" ><div id=\"pl-w67139df6b3279\"  class=\"panel-layout\" ><div id=\"pg-w67139df6b3279-0\"  class=\"panel-grid panel-no-style\" ><div id=\"pgc-w67139df6b3279-0-0\"  class=\"panel-grid-cell\" ><div id=\"panel-w67139df6b3279-0-0-0\" class=\"so-panel widget widget_sow-editor panel-first-child panel-last-child\" data-index=\"0\" ><div\n\t\t\t\n\t\t\tclass=\"so-widget-sow-editor so-widget-sow-editor-base\"\n\t\t\t\n\t\t>\n<div class=\"siteorigin-widget-tinymce textwidget\">\n\t<ul style=\"list-style-type: circle;\">\n<li style=\"text-align: left;\">A modern and well-equipped facility<\/li>\n<li style=\"text-align: left;\">Professional staff<\/li>\n<li style=\"text-align: left;\">SOS signaling equipment at every step<\/li>\n<li style=\"text-align: left;\">Regular monthly medical check-ups by a doctor<\/li>\n<li style=\"text-align: left;\">Prescription of therapy<\/li>\n<li style=\"text-align: left;\">Administration of injection and infusion therapy<\/li>\n<li style=\"text-align: left;\">Various activities, workshops, entertainment, excursions, and education are available<\/li>\n<li style=\"text-align: left;\">Comfort and coziness<\/li>\n<li style=\"text-align: left;\">Accommodation for users with dementia, Alzheimer's, and Parkinson's disease.<\/li>\n<\/ul>\n<\/div>\n<\/div><\/div><\/div><\/div><\/div><\/div><\/div><div id=\"pgc-976-6-2\"  class=\"panel-grid-cell panel-grid-cell-empty\" ><\/div><\/div><div id=\"pg-976-7\"  class=\"panel-grid panel-no-style\" ><div id=\"pgc-976-7-0\"  class=\"panel-grid-cell panel-grid-cell-empty\" ><\/div><div id=\"pgc-976-7-1\"  class=\"panel-grid-cell\" ><div id=\"panel-976-7-1-0\" class=\"so-panel widget widget_siteorigin-panels-builder panel-first-child panel-last-child\" data-index=\"8\" ><div id=\"pl-w672a72c845736\"  class=\"panel-layout\" ><div id=\"pg-w672a72c845736-0\"  class=\"panel-grid panel-no-style\" ><div id=\"pgc-w672a72c845736-0-0\"  class=\"panel-grid-cell\" ><div id=\"panel-w672a72c845736-0-0-0\" class=\"so-panel widget widget_sow-headline panel-first-child panel-last-child\" data-index=\"0\" ><div\n\t\t\t\n\t\t\tclass=\"so-widget-sow-headline so-widget-sow-headline-default-90ef914e735b\"\n\t\t\t\n\t\t><div class=\"sow-headline-container\">\n\t\t\t\t\t\t<div class=\"decoration\">\n\t\t\t\t\t\t<div class=\"decoration-inside\"><\/div>\n\t\t\t\t\t<\/div>\n\t\t\t\t\t<\/div>\n<\/div><\/div><\/div><\/div><div id=\"pg-w672a72c845736-1\"  class=\"panel-grid panel-no-style\" ><div id=\"pgc-w672a72c845736-1-0\"  class=\"panel-grid-cell\" ><div id=\"panel-w672a72c845736-1-0-0\" class=\"so-panel widget widget_sow-editor panel-first-child panel-last-child\" data-index=\"1\" ><div\n\t\t\t\n\t\t\tclass=\"so-widget-sow-editor so-widget-sow-editor-base\"\n\t\t\t\n\t\t>\n<div class=\"siteorigin-widget-tinymce textwidget\">\n\t<p>The facility is modernly equipped, but most importantly, the rooms exude a cozy, home-like atmosphere. The complex includes a large dining area, a living room, single, double, and triple rooms, residential units, studios, and apartments. Each unit has a bathroom, with a kitchenette available in the apartments and residential units. There is an option to choose between rooms or apartments, as well as shared accommodation for married couples.  \n\nAko \u017eeli\u0161 jo\u0161 neku doradu, samo reci!<\/p>\n<p>Pored svakog kreveta nalazi se i SOS signalna aparatura koja slu\u017ei za poziv od strane korisnika u svakom trenutku. <a href=\"https:\/\/domzastaralicapadina.com\/o-nama\/\">Medicinsko osoblje<\/a> ga registruje na monitoru, da bi mogli blagovremeno da reaguju u svakoj situaciji. Tako\u0111e je signalizacija postavljena i iznad vrata svih soba, odnosno apartmana.<\/p>\n<\/div>\n<\/div><\/div><\/div><\/div><\/div><\/div><\/div><div id=\"pgc-976-7-2\"  class=\"panel-grid-cell\" ><div id=\"panel-976-7-2-0\" class=\"so-panel widget widget_siteorigin-panels-builder panel-first-child panel-last-child\" data-index=\"9\" ><div id=\"pl-w66febfda4206d\"  class=\"panel-layout\" ><div id=\"pg-w66febfda4206d-0\"  class=\"panel-grid panel-no-style\" ><div id=\"pgc-w66febfda4206d-0-0\"  class=\"panel-grid-cell\" ><div id=\"panel-w66febfda4206d-0-0-0\" class=\"so-panel widget widget_sow-headline panel-first-child panel-last-child\" data-index=\"0\" ><div\n\t\t\t\n\t\t\tclass=\"so-widget-sow-headline so-widget-sow-headline-default-90ef914e735b\"\n\t\t\t\n\t\t><div class=\"sow-headline-container\">\n\t\t\t\t\t\t<div class=\"decoration\">\n\t\t\t\t\t\t<div class=\"decoration-inside\"><\/div>\n\t\t\t\t\t<\/div>\n\t\t\t\t\t<\/div>\n<\/div><\/div><\/div><\/div><div id=\"pg-w66febfda4206d-1\"  class=\"panel-grid panel-no-style\" ><div id=\"pgc-w66febfda4206d-1-0\"  class=\"panel-grid-cell\" ><div id=\"panel-w66febfda4206d-1-0-0\" class=\"so-panel widget widget_sow-editor panel-first-child panel-last-child\" data-index=\"1\" ><div\n\t\t\t\n\t\t\tclass=\"so-widget-sow-editor so-widget-sow-editor-base\"\n\t\t\t\n\t\t>\n<div class=\"siteorigin-widget-tinymce textwidget\">\n\t<p style=\"text-align: left;\">The facility is equipped with all the necessary equipment to ensure its seamless operation and meet the needs of its residents. The living room features a TV and DVD player. Residents can spend their time playing board games, reading books, daily and weekly newspapers, or enjoying planned recreational activities. We organize various workshops, games, educational sessions, cultural events, tours, and excursions, catering to all interest groups.\n\nAko ti treba jo\u0161 neka prilagodba, slobodno javi!<\/p>\n<p>All these activities and services available to our users make them feel very active and undoubtedly needed in society with their presence, energy, and life experiences from which we can learn a lot as well.<\/p>\n<\/div>\n<\/div><\/div><\/div><\/div><\/div><\/div><\/div><\/div><div id=\"pg-976-8\"  class=\"panel-grid panel-no-style\" ><div id=\"pgc-976-8-0\"  class=\"panel-grid-cell panel-grid-cell-empty\" ><\/div><div id=\"pgc-976-8-1\"  class=\"panel-grid-cell panel-grid-cell-mobile-last\" ><div id=\"panel-976-8-1-0\" class=\"so-panel widget widget_siteorigin-panels-builder panel-first-child panel-last-child\" data-index=\"10\" ><div id=\"pl-w672a72c84698a\"  class=\"panel-layout\" ><div id=\"pg-w672a72c84698a-0\"  class=\"panel-grid panel-no-style\" ><div id=\"pgc-w672a72c84698a-0-0\"  class=\"panel-grid-cell\" ><div id=\"panel-w672a72c84698a-0-0-0\" class=\"so-panel widget widget_sow-headline panel-first-child panel-last-child\" data-index=\"0\" ><div\n\t\t\t\n\t\t\tclass=\"so-widget-sow-headline so-widget-sow-headline-default-90ef914e735b\"\n\t\t\t\n\t\t><div class=\"sow-headline-container\">\n\t\t\t\t\t\t<div class=\"decoration\">\n\t\t\t\t\t\t<div class=\"decoration-inside\"><\/div>\n\t\t\t\t\t<\/div>\n\t\t\t\t\t<\/div>\n<\/div><\/div><\/div><\/div><div id=\"pg-w672a72c84698a-1\"  class=\"panel-grid panel-no-style\" ><div id=\"pgc-w672a72c84698a-1-0\"  class=\"panel-grid-cell\" ><div id=\"panel-w672a72c84698a-1-0-0\" class=\"so-panel widget widget_sow-editor panel-first-child panel-last-child\" data-index=\"1\" ><div\n\t\t\t\n\t\t\tclass=\"so-widget-sow-editor so-widget-sow-editor-base\"\n\t\t\t\n\t\t>\n<div class=\"siteorigin-widget-tinymce textwidget\">\n\t<p style=\"text-align: left;\">Udobnost i prijatnost, kao i sve <a href=\"https:\/\/domzastaralicapadina.com\/dom-za-stare-usluge\/\">Services<\/a> u koje spadaju i usluge medicinskog karaktera pru\u017ea osoblje sa adekvatnim kvalifikacijama i obrazovanjem, \u0161to na\u0161im korisnicima garantuje pa\u017enju i sigurnost. Postoji mogu\u0107nost konsultacije sa lekarom, odnosno kori\u0161\u0107enje lekarske usluge kao i upu\u0107ivanje kod lekara specijaliste ukoliko to zdravstveno stanje zahteva. Pripremanje hrane je zasnovano po \"hasap\" (HACCP) standardima, gde je jelovnik prilago\u0111en korisnicima prema savetu nutricioniste.<\/p>\n<p>Friendly staff and a serene atmosphere contribute to a pleasant stay for our residents, encouraging social interaction and communication. At the same time, we ensure privacy and personal autonomy, with our support available whenever needed.<\/p>\n<\/div>\n<\/div><\/div><\/div><\/div><div id=\"pg-w672a72c84698a-2\"  class=\"panel-grid panel-no-style\" ><div id=\"pgc-w672a72c84698a-2-0\"  class=\"panel-grid-cell\" ><div id=\"panel-w672a72c84698a-2-0-0\" class=\"so-panel widget widget_sow-headline panel-first-child panel-last-child\" data-index=\"2\" ><div\n\t\t\t\n\t\t\tclass=\"so-widget-sow-headline so-widget-sow-headline-default-90ef914e735b\"\n\t\t\t\n\t\t><div class=\"sow-headline-container\">\n\t\t\t\t\t\t<div class=\"decoration\">\n\t\t\t\t\t\t<div class=\"decoration-inside\"><\/div>\n\t\t\t\t\t<\/div>\n\t\t\t\t\t<\/div>\n<\/div><\/div><\/div><\/div><\/div><\/div><\/div><div id=\"pgc-976-8-2\"  class=\"panel-grid-cell panel-grid-cell-empty\" ><\/div><\/div><div id=\"pg-976-9\"  class=\"panel-grid panel-has-style\" ><div class=\"siteorigin-panels-stretch panel-row-style panel-row-style-for-976-9\" data-stretch-type=\"full\" ><div id=\"pgc-976-9-0\"  class=\"panel-grid-cell\" ><div id=\"panel-976-9-0-0\" class=\"so-panel widget widget_sow-hero panel-first-child panel-last-child\" data-index=\"11\" ><div\n\t\t\t\n\t\t\tclass=\"so-widget-sow-hero so-widget-sow-hero-default-cd97f0e69393-976 so-widget-fittext-wrapper\"\n\t\t\t data-fit-text-compressor=\"0.85\"\n\t\t>\t\t\t\t<div class=\"sow-slider-base\" style=\"display: none\" tabindex=\"0\">\n\t\t\t\t\t<ul\n\t\t\t\t\tclass=\"sow-slider-images\"\n\t\t\t\t\tdata-settings=\"{&quot;pagination&quot;:true,&quot;speed&quot;:800,&quot;timeout&quot;:8000,&quot;paused&quot;:true,&quot;pause_on_hover&quot;:false,&quot;swipe&quot;:true,&quot;nav_always_show_desktop&quot;:&quot;&quot;,&quot;nav_always_show_mobile&quot;:&quot;&quot;,&quot;breakpoint&quot;:&quot;780px&quot;,&quot;unmute&quot;:false,&quot;anchor&quot;:null}\"\n\t\t\t\t\t\t\t\t\t\tdata-anchor-id=\"\"\n\t\t\t\t>\t\t<li class=\"sow-slider-image\" style=\"visibility: visible;\" >\n\t\t\t\t\t<div class=\"sow-slider-image-container\">\n\t\t\t<div class=\"sow-slider-image-wrapper\">\n\t\t\t\t<p style=\"text-align: center\"><span style=\"font-size: 14pt;color: #000000\">Dom za stare sa dugom tradicijom, <a href=\"https:\/\/domzastaralicapadina.com\/kako-odabrati-dom-za-stare\/\">using<\/a> i <a href=\"https:\/\/domzastaralicapadina.com\/zasto-dom-za-stare-u-padini-poboljsava-kvalitet-zivota\/\">nega za starije<\/a> osobe u prijatnom ambijentu Vojvodine. Na\u0161 cilj je da ljudima pru\u017eimo svu mogu\u0107u pa\u017enju, pomo\u0107 i ose\u0107aj pune vrednosti i snage kojom mogu da ispune svoj, a i na\u0161 \u017eivot, koji se svakako ne zavr\u0161ava ulaskom u ustanovu ovakve vrste, ve\u0107 naprotiv, po\u010dinje novi i interesantniji period u kojem mo\u017eemo svi jo\u0161 puno toga da nau\u010dimo i pru\u017eimo jedni drugima.<\/span><\/p>\n\t\t\t<\/div>\n\t\t<\/div>\n\t\t\t\t<\/li>\n\t\t<\/ul>\t\t\t\t<ol class=\"sow-slider-pagination\">\n\t\t\t\t\t\t\t\t\t\t\t<li><a href=\"#\" data-goto=\"0\" aria-label=\"Display slide 1\"><\/a><\/li>\n\t\t\t\t\t\t\t\t\t<\/ol>\n\n\t\t\t\t<div class=\"sow-slide-nav sow-slide-nav-next\">\n\t\t\t\t\t<a href=\"#\" data-goto=\"next\" aria-label=\"Next slide\" data-action=\"next\">\n\t\t\t\t\t\t<em class=\"sow-sld-icon-thin-right\"><\/em>\n\t\t\t\t\t<\/a>\n\t\t\t\t<\/div>\n\n\t\t\t\t<div class=\"sow-slide-nav sow-slide-nav-prev\">\n\t\t\t\t\t<a href=\"#\" data-goto=\"previous\" aria-label=\"Previous slide\" data-action=\"prev\">\n\t\t\t\t\t\t<em class=\"sow-sld-icon-thin-left\"><\/em>\n\t\t\t\t\t<\/a>\n\t\t\t\t<\/div>\n\t\t\t\t<\/div><\/div><\/div><\/div><\/div><\/div><div id=\"pg-976-10\"  class=\"panel-grid panel-no-style\" ><div id=\"pgc-976-10-0\"  class=\"panel-grid-cell panel-grid-cell-empty\" ><\/div><div id=\"pgc-976-10-1\"  class=\"panel-grid-cell\" ><div id=\"panel-976-10-1-0\" class=\"so-panel widget widget_sow-image panel-first-child panel-last-child\" data-index=\"12\" ><div\n\t\t\t\n\t\t\tclass=\"so-widget-sow-image so-widget-sow-image-default-113ccd71f3e6-976\"\n\t\t\t\n\t\t><h3 class=\"widget-title\">Church<\/h3>\n<div class=\"sow-image-container\">\n\t\t<img \n\tsrc=\"https:\/\/domzastaralicapadina.com\/wp-content\/uploads\/2024\/10\/stiglismo3.png\" width=\"860\" height=\"573\" srcset=\"https:\/\/domzastaralicapadina.com\/wp-content\/uploads\/2024\/10\/stiglismo3.png 860w, https:\/\/domzastaralicapadina.com\/wp-content\/uploads\/2024\/10\/stiglismo3-300x200.png 300w, https:\/\/domzastaralicapadina.com\/wp-content\/uploads\/2024\/10\/stiglismo3-768x512.png 768w, https:\/\/domzastaralicapadina.com\/wp-content\/uploads\/2024\/10\/stiglismo3-18x12.png 18w, https:\/\/domzastaralicapadina.com\/wp-content\/uploads\/2024\/10\/stiglismo3-272x182.png 272w\" sizes=\"(max-width: 860px) 100vw, 860px\" title=\"Church\" alt=\"Dom za stare\" \t\tclass=\"so-widget-image\"\/>\n\t<\/div>\n\n<\/div><\/div><\/div><div id=\"pgc-976-10-2\"  class=\"panel-grid-cell panel-grid-cell-mobile-last\" ><div id=\"panel-976-10-2-0\" class=\"so-panel widget widget_sow-image panel-first-child panel-last-child\" data-index=\"13\" ><div\n\t\t\t\n\t\t\tclass=\"so-widget-sow-image so-widget-sow-image-default-113ccd71f3e6-976\"\n\t\t\t\n\t\t><h3 class=\"widget-title\">Fenix - Padina<\/h3>\n<div class=\"sow-image-container\">\n\t\t<img \n\tsrc=\"https:\/\/domzastaralicapadina.com\/wp-content\/uploads\/2024\/10\/stiglismo2.png\" width=\"860\" height=\"573\" srcset=\"https:\/\/domzastaralicapadina.com\/wp-content\/uploads\/2024\/10\/stiglismo2.png 860w, https:\/\/domzastaralicapadina.com\/wp-content\/uploads\/2024\/10\/stiglismo2-300x200.png 300w, https:\/\/domzastaralicapadina.com\/wp-content\/uploads\/2024\/10\/stiglismo2-768x512.png 768w, https:\/\/domzastaralicapadina.com\/wp-content\/uploads\/2024\/10\/stiglismo2-18x12.png 18w, https:\/\/domzastaralicapadina.com\/wp-content\/uploads\/2024\/10\/stiglismo2-272x182.png 272w\" sizes=\"(max-width: 860px) 100vw, 860px\" title=\"Fenix - Padina\" alt=\"Dom za stare\" \t\tclass=\"so-widget-image\"\/>\n\t<\/div>\n\n<\/div><\/div><\/div><div id=\"pgc-976-10-3\"  class=\"panel-grid-cell panel-grid-cell-empty\" ><\/div><\/div><\/div>","protected":false},"excerpt":{"rendered":"<p>Za\u0161to odabrati na\u0161 dom za stare? Licencirani Dom za sme\u0161taj odraslih i starijih lica &#8222;Fenix&#8220; &#8211; Padina Dom za sme\u0161taj [&hellip;]<\/p>\n","protected":false},"author":1,"featured_media":0,"parent":0,"menu_order":0,"comment_status":"closed","ping_status":"closed","template":"","meta":{"site-sidebar-layout":"default","site-content-layout":"","ast-site-content-layout":"full-width-container","site-content-style":"default","site-sidebar-style":"default","ast-global-header-display":"","ast-banner-title-visibility":"","ast-main-header-display":"","ast-hfb-above-header-display":"","ast-hfb-below-header-display":"","ast-hfb-mobile-header-display":"","site-post-title":"disabled","ast-breadcrumbs-content":"","ast-featured-img":"","footer-sml-layout":"","ast-disable-related-posts":"","theme-transparent-header-meta":"enabled","adv-header-id-meta":"","stick-header-meta":"","header-above-stick-meta":"","header-main-stick-meta":"","header-below-stick-meta":"","astra-migrate-meta-layouts":"set","ast-page-background-enabled":"default","ast-page-background-meta":{"desktop":{"background-color":"var(--ast-global-color-4)","background-image":"","background-repeat":"repeat","background-position":"center center","background-size":"auto","background-attachment":"scroll","background-type":"","background-media":"","overlay-type":"","overlay-color":"","overlay-opacity":"","overlay-gradient":""},"tablet":{"background-color":"","background-image":"","background-repeat":"repeat","background-position":"center center","background-size":"auto","background-attachment":"scroll","background-type":"","background-media":"","overlay-type":"","overlay-color":"","overlay-opacity":"","overlay-gradient":""},"mobile":{"background-color":"","background-image":"","background-repeat":"repeat","background-position":"center center","background-size":"auto","background-attachment":"scroll","background-type":"","background-media":"","overlay-type":"","overlay-color":"","overlay-opacity":"","overlay-gradient":""}},"ast-content-background-meta":{"desktop":{"background-color":"var(--ast-global-color-5)","background-image":"","background-repeat":"repeat","background-position":"center center","background-size":"auto","background-attachment":"scroll","background-type":"","background-media":"","overlay-type":"","overlay-color":"","overlay-opacity":"","overlay-gradient":""},"tablet":{"background-color":"var(--ast-global-color-5)","background-image":"","background-repeat":"repeat","background-position":"center center","background-size":"auto","background-attachment":"scroll","background-type":"","background-media":"","overlay-type":"","overlay-color":"","overlay-opacity":"","overlay-gradient":""},"mobile":{"background-color":"var(--ast-global-color-5)","background-image":"","background-repeat":"repeat","background-position":"center center","background-size":"auto","background-attachment":"scroll","background-type":"","background-media":"","overlay-type":"","overlay-color":"","overlay-opacity":"","overlay-gradient":""}},"footnotes":""},"class_list":["post-976","page","type-page","status-publish","hentry"],"_links":{"self":[{"href":"https:\/\/domzastaralicapadina.com\/en\/wp-json\/wp\/v2\/pages\/976","targetHints":{"allow":["GET"]}}],"collection":[{"href":"https:\/\/domzastaralicapadina.com\/en\/wp-json\/wp\/v2\/pages"}],"about":[{"href":"https:\/\/domzastaralicapadina.com\/en\/wp-json\/wp\/v2\/types\/page"}],"author":[{"embeddable":true,"href":"https:\/\/domzastaralicapadina.com\/en\/wp-json\/wp\/v2\/users\/1"}],"replies":[{"embeddable":true,"href":"https:\/\/domzastaralicapadina.com\/en\/wp-json\/wp\/v2\/comments?post=976"}],"version-history":[{"count":41,"href":"https:\/\/domzastaralicapadina.com\/en\/wp-json\/wp\/v2\/pages\/976\/revisions"}],"predecessor-version":[{"id":1624,"href":"https:\/\/domzastaralicapadina.com\/en\/wp-json\/wp\/v2\/pages\/976\/revisions\/1624"}],"wp:attachment":[{"href":"https:\/\/domzastaralicapadina.com\/en\/wp-json\/wp\/v2\/media?parent=976"}],"curies":[{"name":"wp","href":"https:\/\/api.w.org\/{rel}","templated":true}]}}