{"id":887,"date":"2024-10-20T06:50:57","date_gmt":"2024-10-20T06:50:57","guid":{"rendered":"https:\/\/padina.tusmo.in.rs\/?page_id=887"},"modified":"2025-08-27T08:28:27","modified_gmt":"2025-08-27T08:28:27","slug":"kako-do-nas","status":"publish","type":"page","link":"https:\/\/domzastaralicapadina.com\/en\/kako-do-nas\/","title":{"rendered":"How to Find Us"},"content":{"rendered":"<div id=\"pl-887\"  class=\"panel-layout\" ><div id=\"pg-887-0\"  class=\"panel-grid panel-no-style\" ><div id=\"pgc-887-0-0\"  class=\"panel-grid-cell\" ><div id=\"panel-887-0-0-0\" class=\"so-panel widget widget_sow-headline panel-first-child\" data-index=\"0\" ><div\n\t\t\t\n\t\t\tclass=\"so-widget-sow-headline so-widget-sow-headline-default-90ef914e735b-887\"\n\t\t\t\n\t\t><div class=\"sow-headline-container\">\n\t\t\t\t\t\t<div class=\"decoration\">\n\t\t\t\t\t\t<div class=\"decoration-inside\"><\/div>\n\t\t\t\t\t<\/div>\n\t\t\t\t\t<\/div>\n<\/div><\/div><div id=\"panel-887-0-0-1\" class=\"so-panel widget widget_sow-headline\" data-index=\"1\" ><div\n\t\t\t\n\t\t\tclass=\"so-widget-sow-headline so-widget-sow-headline-default-90ef914e735b-887\"\n\t\t\t\n\t\t><div class=\"sow-headline-container\">\n\t\t\t\t\t\t<div class=\"decoration\">\n\t\t\t\t\t\t<div class=\"decoration-inside\"><\/div>\n\t\t\t\t\t<\/div>\n\t\t\t\t\t<\/div>\n<\/div><\/div><div id=\"panel-887-0-0-2\" class=\"so-panel widget widget_sow-headline panel-last-child\" data-index=\"2\" ><div\n\t\t\t\n\t\t\tclass=\"so-widget-sow-headline so-widget-sow-headline-default-90ef914e735b-887\"\n\t\t\t\n\t\t><div class=\"sow-headline-container\">\n\t\t\t\t\t\t<div class=\"decoration\">\n\t\t\t\t\t\t<div class=\"decoration-inside\"><\/div>\n\t\t\t\t\t<\/div>\n\t\t\t\t\t<\/div>\n<\/div><\/div><\/div><\/div><div id=\"pg-887-1\"  class=\"panel-grid panel-no-style\" ><div id=\"pgc-887-1-0\"  class=\"panel-grid-cell panel-grid-cell-empty\" ><\/div><\/div><div id=\"pg-887-2\"  class=\"panel-grid panel-no-style\" ><div id=\"pgc-887-2-0\"  class=\"panel-grid-cell\" ><div id=\"panel-887-2-0-0\" class=\"so-panel widget widget_sow-headline panel-first-child panel-last-child\" data-index=\"3\" ><div\n\t\t\t\n\t\t\tclass=\"so-widget-sow-headline so-widget-sow-headline-default-b28a51e3407f-887\"\n\t\t\t\n\t\t><div class=\"sow-headline-container\">\n\t\t\t\t\t\t\t<h2 class=\"sow-headline\">\n\t\t\t\t\t\tHOW TO FIND US\t\t\t\t\t\t<\/h2>\n\t\t\t\t\t\t\t\t\t\t\t<div class=\"decoration\">\n\t\t\t\t\t\t<div class=\"decoration-inside\"><\/div>\n\t\t\t\t\t<\/div>\n\t\t\t\t\t<\/div>\n<\/div><\/div><\/div><\/div><div id=\"pg-887-3\"  class=\"panel-grid panel-no-style\" ><div id=\"pgc-887-3-0\"  class=\"panel-grid-cell panel-grid-cell-empty\" ><\/div><div id=\"pgc-887-3-1\"  class=\"panel-grid-cell\" ><div id=\"panel-887-3-1-0\" class=\"so-panel widget widget_sow-image panel-first-child panel-last-child\" data-index=\"4\" ><div\n\t\t\t\n\t\t\tclass=\"so-widget-sow-image so-widget-sow-image-default-8b5b6f678277-887\"\n\t\t\t\n\t\t>\n<div class=\"sow-image-container\">\n\t\t<img \n\tsrc=\"https:\/\/domzastaralicapadina.com\/wp-content\/uploads\/2024\/10\/Zemun-pupinov-most-padina.png\" width=\"860\" height=\"573\" srcset=\"https:\/\/domzastaralicapadina.com\/wp-content\/uploads\/2024\/10\/Zemun-pupinov-most-padina.png 860w, https:\/\/domzastaralicapadina.com\/wp-content\/uploads\/2024\/10\/Zemun-pupinov-most-padina-300x200.png 300w, https:\/\/domzastaralicapadina.com\/wp-content\/uploads\/2024\/10\/Zemun-pupinov-most-padina-768x512.png 768w, https:\/\/domzastaralicapadina.com\/wp-content\/uploads\/2024\/10\/Zemun-pupinov-most-padina-18x12.png 18w, https:\/\/domzastaralicapadina.com\/wp-content\/uploads\/2024\/10\/Zemun-pupinov-most-padina-272x182.png 272w\" sizes=\"(max-width: 860px) 100vw, 860px\" title=\"Zemun-pupinov most-Padina\" alt=\"\" \t\tclass=\"so-widget-image\"\/>\n\t<\/div>\n\n<\/div><\/div><\/div><div id=\"pgc-887-3-2\"  class=\"panel-grid-cell\" ><div id=\"panel-887-3-2-0\" class=\"so-panel widget widget_siteorigin-panels-builder panel-first-child panel-last-child\" data-index=\"5\" ><div id=\"pl-w670ff02001c8e\"  class=\"panel-layout\" ><div id=\"pg-w670ff02001c8e-0\"  class=\"panel-grid panel-no-style\" ><div id=\"pgc-w670ff02001c8e-0-0\"  class=\"panel-grid-cell\" ><div id=\"panel-w670ff02001c8e-0-0-0\" class=\"so-panel widget widget_sow-headline panel-first-child panel-last-child\" data-index=\"0\" ><div\n\t\t\t\n\t\t\tclass=\"so-widget-sow-headline so-widget-sow-headline-default-245016f10913 so-widget-fittext-wrapper\"\n\t\t\t data-fit-text-compressor=\"0.85\"\n\t\t><div class=\"sow-headline-container\">\n\t\t\t\t\t\t\t<h2 class=\"sow-headline\">\n\t\t\t\t\t\tBelgrade - Zemun - Pupin Bridge\t\t\t\t\t\t<\/h2>\n\t\t\t\t\t\t<\/div>\n<\/div><\/div><\/div><\/div><div id=\"pg-w670ff02001c8e-1\"  class=\"panel-grid panel-no-style\" ><div id=\"pgc-w670ff02001c8e-1-0\"  class=\"panel-grid-cell\" ><div id=\"panel-w670ff02001c8e-1-0-0\" class=\"so-panel widget widget_sow-editor panel-first-child panel-last-child\" data-index=\"1\" ><div\n\t\t\t\n\t\t\tclass=\"so-widget-sow-editor so-widget-sow-editor-base\"\n\t\t\t\n\t\t>\n<div class=\"siteorigin-widget-tinymce textwidget\">\n\t<ul>\n<li><span style=\"color: #000000;\">1.\u00a0 Belgrade - Zemun<\/span><\/li>\n<li><span style=\"color: #000000;\">2.  Zemun - Pupin Bridge<\/span><\/li>\n<li><span style=\"color: #000000;\">3.  Merge onto Zrenjanin Road<\/span><\/li>\n<li><span style=\"color: #000000;\">4.  After 17 kilometers, turn towards Opovo.<\/span><\/li>\n<li><span style=\"color: #000000;\">5.\u00a0 Opovo - Debelja\u010da<\/span><\/li>\n<li><span style=\"color: #000000;\">6.\u00a0 Debelja\u010da - Kova\u010dica<\/span><\/li>\n<li><span style=\"color: #000000;\">7.\u00a0 Kova\u010dica - Padina<\/span><\/li>\n<li><span style=\"color: #000000;\">You have arrived. Trg Oslobo\u0111enja 8, Padina<\/span><\/li>\n<li><span style=\"color: #000000;\">Opposite is a large church<\/span><\/li>\n<li>Click the link, and Google Navigation will open. <img loading=\"lazy\" decoding=\"async\" class=\"alignnone size-full wp-image-7\" src=\"https:\/\/domzastaralicapadina.com\/wp-content\/uploads\/2024\/07\/logo-1.png\" alt=\"\" width=\"90\" height=\"57\" srcset=\"https:\/\/domzastaralicapadina.com\/wp-content\/uploads\/2024\/07\/logo-1.png 90w, https:\/\/domzastaralicapadina.com\/wp-content\/uploads\/2024\/07\/logo-1-18x12.png 18w\" sizes=\"auto, (max-width: 90px) 100vw, 90px\" \/><a class=\"customize-unpreviewable\" href=\"https:\/\/www.google.com\/maps\/dir\/Zemun,+Belgrade\/Trg+Oslobo%C4%91enja+8+Padina\/@44.9833035,20.2183451,10z\/data=!4m13!4m12!1m5!1m1!1s0x475a65a0f2186b45:0xa5a91f0b66ab974d!2m2!1d20.3686508!2d44.8530888!1m5!1m1!1s0x475a9a4f3743640d:0x22e81a2a25553adf!2m2!1d20.7273566!2d45.1181564?entry=ttu\" target=\"_blank\" rel=\"noopener\">\u00a0 \u00a0Zemun-Pupin Bridge - Padina\u00a0<\/a><\/li>\n<\/ul>\n<\/div>\n<\/div><\/div><\/div><\/div><\/div><\/div><\/div><\/div><div id=\"pg-887-4\"  class=\"panel-grid panel-no-style\" ><div id=\"pgc-887-4-0\"  class=\"panel-grid-cell panel-grid-cell-empty\" ><\/div><div id=\"pgc-887-4-1\"  class=\"panel-grid-cell\" ><div id=\"panel-887-4-1-0\" class=\"so-panel widget widget_siteorigin-panels-builder panel-first-child panel-last-child\" data-index=\"6\" ><div id=\"pl-w67140918a0635\"  class=\"panel-layout\" ><div id=\"pg-w67140918a0635-0\"  class=\"panel-grid panel-no-style\" ><div id=\"pgc-w67140918a0635-0-0\"  class=\"panel-grid-cell\" ><div id=\"panel-w67140918a0635-0-0-0\" class=\"so-panel widget widget_sow-headline panel-first-child panel-last-child\" data-index=\"0\" ><div\n\t\t\t\n\t\t\tclass=\"so-widget-sow-headline so-widget-sow-headline-default-245016f10913 so-widget-fittext-wrapper\"\n\t\t\t data-fit-text-compressor=\"0.85\"\n\t\t><div class=\"sow-headline-container\">\n\t\t\t\t\t\t\t<h2 class=\"sow-headline\">\n\t\t\t\t\t\tBelgrade - Pan\u010devo - Padina\t\t\t\t\t\t<\/h2>\n\t\t\t\t\t\t<\/div>\n<\/div><\/div><\/div><\/div><div id=\"pg-w67140918a0635-1\"  class=\"panel-grid panel-no-style\" ><div id=\"pgc-w67140918a0635-1-0\"  class=\"panel-grid-cell\" ><div id=\"panel-w67140918a0635-1-0-0\" class=\"so-panel widget widget_sow-editor panel-first-child panel-last-child\" data-index=\"1\" ><div\n\t\t\t\n\t\t\tclass=\"so-widget-sow-editor so-widget-sow-editor-base\"\n\t\t\t\n\t\t>\n<div class=\"siteorigin-widget-tinymce textwidget\">\n\t<ul>\n<li><span style=\"color: #000000;\">1.  Belgrade - Pan\u010devo Bridge<\/span><\/li>\n<li><span style=\"color: #000000;\">2.\u00a0 Pan\u010devo Bridge - Pan\u010devo<\/span><\/li>\n<li><span style=\"color: #000000;\">3.\u00a0 Pan\u010devo - Crepaja<\/span><\/li>\n<li><span style=\"color: #000000;\">4.\u00a0 Crepaja - Kova\u010dica<\/span><\/li>\n<li><span style=\"color: #000000;\">5.\u00a0 Kova\u010dica - Padina<\/span><\/li>\n<li><span style=\"color: #000000;\">You have arrived. Trg Oslobo\u0111enja 8, Padina<\/span><\/li>\n<li><span style=\"color: #000000;\">Opposite is a large church<\/span><\/li>\n<li>\u00a0Click the link, and Google Navigation will open.\u00a0 <img loading=\"lazy\" decoding=\"async\" class=\"alignnone size-full wp-image-7\" src=\"https:\/\/domzastaralicapadina.com\/wp-content\/uploads\/2024\/07\/logo-1.png\" alt=\"\" width=\"90\" height=\"57\" srcset=\"https:\/\/domzastaralicapadina.com\/wp-content\/uploads\/2024\/07\/logo-1.png 90w, https:\/\/domzastaralicapadina.com\/wp-content\/uploads\/2024\/07\/logo-1-18x12.png 18w\" sizes=\"auto, (max-width: 90px) 100vw, 90px\" \/><a class=\"customize-unpreviewable\" href=\"https:\/\/www.google.com\/maps\/dir\/Pancevo+Bridge,+E70,+Beograd\/Trg+Oslobo%C4%91enja+8+Padina\/@44.9673451,20.2299368,10z\/data=!3m1!4b1!4m13!4m12!1m5!1m1!1s0x475a7b9095a99a4b:0xf957a5cee49f4d1a!2m2!1d20.4918217!2d44.8283413!1m5!1m1!1s0x475a9a4f3743640d:0x22e81a2a25553adf!2m2!1d20.7273566!2d45.1181564?entry=ttu\" target=\"_blank\" rel=\"noopener\">\u00a0Belgrade-Pan\u010devo-Padina<\/a><\/li>\n<\/ul>\n<\/div>\n<\/div><\/div><\/div><\/div><\/div><\/div><\/div><div id=\"pgc-887-4-2\"  class=\"panel-grid-cell\" ><div id=\"panel-887-4-2-0\" class=\"so-panel widget widget_sow-image panel-first-child panel-last-child\" data-index=\"7\" ><div\n\t\t\t\n\t\t\tclass=\"so-widget-sow-image so-widget-sow-image-default-8b5b6f678277-887\"\n\t\t\t\n\t\t>\n<div class=\"sow-image-container\">\n\t\t<img \n\tsrc=\"https:\/\/domzastaralicapadina.com\/wp-content\/uploads\/2024\/10\/Beograd-padina-pancevac1.png\" width=\"860\" height=\"573\" srcset=\"https:\/\/domzastaralicapadina.com\/wp-content\/uploads\/2024\/10\/Beograd-padina-pancevac1.png 860w, https:\/\/domzastaralicapadina.com\/wp-content\/uploads\/2024\/10\/Beograd-padina-pancevac1-300x200.png 300w, https:\/\/domzastaralicapadina.com\/wp-content\/uploads\/2024\/10\/Beograd-padina-pancevac1-768x512.png 768w, https:\/\/domzastaralicapadina.com\/wp-content\/uploads\/2024\/10\/Beograd-padina-pancevac1-18x12.png 18w, https:\/\/domzastaralicapadina.com\/wp-content\/uploads\/2024\/10\/Beograd-padina-pancevac1-272x182.png 272w\" sizes=\"(max-width: 860px) 100vw, 860px\" title=\"Beograd Pancevo Padina\" alt=\"\" \t\tclass=\"so-widget-image\"\/>\n\t<\/div>\n\n<\/div><\/div><\/div><\/div><div id=\"pg-887-5\"  class=\"panel-grid panel-no-style\" ><div id=\"pgc-887-5-0\"  class=\"panel-grid-cell panel-grid-cell-empty\" ><\/div><\/div><div id=\"pg-887-6\"  class=\"panel-grid panel-no-style\" ><div id=\"pgc-887-6-0\"  class=\"panel-grid-cell\" ><div id=\"panel-887-6-0-0\" class=\"so-panel widget widget_sow-headline panel-first-child panel-last-child\" data-index=\"8\" ><div\n\t\t\t\n\t\t\tclass=\"so-widget-sow-headline so-widget-sow-headline-default-90ef914e735b-887\"\n\t\t\t\n\t\t><div class=\"sow-headline-container\">\n\t\t\t\t\t\t<div class=\"decoration\">\n\t\t\t\t\t\t<div class=\"decoration-inside\"><\/div>\n\t\t\t\t\t<\/div>\n\t\t\t\t\t<\/div>\n<\/div><\/div><\/div><\/div><div id=\"pg-887-7\"  class=\"panel-grid panel-has-style\" ><div class=\"siteorigin-panels-stretch panel-row-style panel-row-style-for-887-7\" data-stretch-type=\"full\" ><div id=\"pgc-887-7-0\"  class=\"panel-grid-cell panel-grid-cell-empty\" ><\/div><div id=\"pgc-887-7-1\"  class=\"panel-grid-cell panel-grid-cell-mobile-last\" ><div id=\"panel-887-7-1-0\" class=\"so-panel widget widget_sow-editor panel-first-child panel-last-child\" data-index=\"9\" ><div\n\t\t\t\n\t\t\tclass=\"so-widget-sow-editor so-widget-sow-editor-base\"\n\t\t\t\n\t\t>\n<div class=\"siteorigin-widget-tinymce textwidget\">\n\t<p>Da biste nas lak\u0161e prona\u0161li, na ovoj stranici se nalaze uputstva sa mapom i obja\u0161njenjem puta do na\u0161eg doma. Bez obzira na to da li dolazite kolima ili javnim prevozom, trudili smo se da vam omogu\u0107imo jednostavan pristup.<\/p>\n<p style=\"text-align: center;\">Na\u0161a lokacija<br \/>\nNa\u0161a adresa je Trg oslobo\u0111enja 8, Padina 26215. Pored mape, mo\u017eete se osloniti i na slede\u0107e informacije kako biste do\u0161li do nas:<\/p>\n<p>Automobilom: Uklju\u010dite se i pratite znakove do na\u0161eg doma.<\/p>\n<p><a href=\"https:\/\/domzastaralicapadina.com\/usluge\/\">Services<\/a> - Saznajte vi\u0161e o uslugama koje pru\u017eamo.<br \/>\n<a href=\"https:\/\/domzastaralicapadina.com\/kontakt\/\">Contact<\/a> - Ako imate dodatna pitanja ili vam je potrebna pomo\u0107.<br \/>\n<a href=\"https:\/\/domzastaralicapadina.com\/o-nama\/\">About Us<\/a> - Pro\u010ditajte vi\u0161e o na\u0161em domu i na\u0161oj misiji.<\/p>\n<\/div>\n<\/div><\/div><\/div><div id=\"pgc-887-7-2\"  class=\"panel-grid-cell panel-grid-cell-empty\" ><\/div><\/div><\/div><div id=\"pg-887-8\"  class=\"panel-grid panel-no-style\" ><div id=\"pgc-887-8-0\"  class=\"panel-grid-cell\" ><div id=\"panel-887-8-0-0\" class=\"so-panel widget widget_sow-headline panel-first-child panel-last-child\" data-index=\"10\" ><div\n\t\t\t\n\t\t\tclass=\"so-widget-sow-headline so-widget-sow-headline-default-90ef914e735b-887\"\n\t\t\t\n\t\t><div class=\"sow-headline-container\">\n\t\t\t\t\t\t\t<h2 class=\"sow-headline\">\n\t\t\t\t\t\tYou have reached us.\t\t\t\t\t\t<\/h2>\n\t\t\t\t\t\t\t\t\t\t\t<div class=\"decoration\">\n\t\t\t\t\t\t<div class=\"decoration-inside\"><\/div>\n\t\t\t\t\t<\/div>\n\t\t\t\t\t<\/div>\n<\/div><\/div><\/div><\/div><div id=\"pg-887-9\"  class=\"panel-grid panel-no-style\" ><div id=\"pgc-887-9-0\"  class=\"panel-grid-cell panel-grid-cell-empty\" ><\/div><div id=\"pgc-887-9-1\"  class=\"panel-grid-cell\" ><div id=\"panel-887-9-1-0\" class=\"so-panel widget widget_sow-image panel-first-child panel-last-child\" data-index=\"11\" ><div\n\t\t\t\n\t\t\tclass=\"so-widget-sow-image so-widget-sow-image-default-113ccd71f3e6-887\"\n\t\t\t\n\t\t><h3 class=\"widget-title\">Church<\/h3>\n<div class=\"sow-image-container\">\n\t\t<img \n\tsrc=\"https:\/\/domzastaralicapadina.com\/wp-content\/uploads\/2024\/10\/stiglismo3.png\" width=\"860\" height=\"573\" srcset=\"https:\/\/domzastaralicapadina.com\/wp-content\/uploads\/2024\/10\/stiglismo3.png 860w, https:\/\/domzastaralicapadina.com\/wp-content\/uploads\/2024\/10\/stiglismo3-300x200.png 300w, https:\/\/domzastaralicapadina.com\/wp-content\/uploads\/2024\/10\/stiglismo3-768x512.png 768w, https:\/\/domzastaralicapadina.com\/wp-content\/uploads\/2024\/10\/stiglismo3-18x12.png 18w, https:\/\/domzastaralicapadina.com\/wp-content\/uploads\/2024\/10\/stiglismo3-272x182.png 272w\" sizes=\"(max-width: 860px) 100vw, 860px\" title=\"Church\" alt=\"Dom za stare\" \t\tclass=\"so-widget-image\"\/>\n\t<\/div>\n\n<\/div><\/div><\/div><div id=\"pgc-887-9-2\"  class=\"panel-grid-cell panel-grid-cell-mobile-last\" ><div id=\"panel-887-9-2-0\" class=\"so-panel widget widget_sow-image panel-first-child panel-last-child\" data-index=\"12\" ><div\n\t\t\t\n\t\t\tclass=\"so-widget-sow-image so-widget-sow-image-default-113ccd71f3e6-887\"\n\t\t\t\n\t\t><h3 class=\"widget-title\">Fenix - Padina<\/h3>\n<div class=\"sow-image-container\">\n\t\t<img \n\tsrc=\"https:\/\/domzastaralicapadina.com\/wp-content\/uploads\/2025\/08\/kapija-1.jpg\" width=\"1600\" height=\"900\" srcset=\"https:\/\/domzastaralicapadina.com\/wp-content\/uploads\/2025\/08\/kapija-1.jpg 1600w, https:\/\/domzastaralicapadina.com\/wp-content\/uploads\/2025\/08\/kapija-1-300x169.jpg 300w, https:\/\/domzastaralicapadina.com\/wp-content\/uploads\/2025\/08\/kapija-1-1024x576.jpg 1024w, https:\/\/domzastaralicapadina.com\/wp-content\/uploads\/2025\/08\/kapija-1-768x432.jpg 768w, https:\/\/domzastaralicapadina.com\/wp-content\/uploads\/2025\/08\/kapija-1-1536x864.jpg 1536w, https:\/\/domzastaralicapadina.com\/wp-content\/uploads\/2025\/08\/kapija-1-18x10.jpg 18w\" sizes=\"(max-width: 1600px) 100vw, 1600px\" title=\"Fenix - Padina\" alt=\"\" \t\tclass=\"so-widget-image\"\/>\n\t<\/div>\n\n<\/div><\/div><\/div><div id=\"pgc-887-9-3\"  class=\"panel-grid-cell panel-grid-cell-empty\" ><\/div><\/div><div id=\"pg-887-10\"  class=\"panel-grid panel-no-style\" ><div id=\"pgc-887-10-0\"  class=\"panel-grid-cell panel-grid-cell-empty\" ><\/div><div id=\"pgc-887-10-1\"  class=\"panel-grid-cell\" ><div id=\"panel-887-10-1-0\" class=\"so-panel widget widget_sow-image panel-first-child panel-last-child\" data-index=\"13\" ><div\n\t\t\t\n\t\t\tclass=\"so-widget-sow-image so-widget-sow-image-default-113ccd71f3e6-887\"\n\t\t\t\n\t\t><h3 class=\"widget-title\">Fenix - Padina<\/h3>\n<div class=\"sow-image-container\">\n\t\t<img \n\tsrc=\"https:\/\/domzastaralicapadina.com\/wp-content\/uploads\/2025\/08\/kapija.jpg\" width=\"1600\" height=\"900\" srcset=\"https:\/\/domzastaralicapadina.com\/wp-content\/uploads\/2025\/08\/kapija.jpg 1600w, https:\/\/domzastaralicapadina.com\/wp-content\/uploads\/2025\/08\/kapija-300x169.jpg 300w, https:\/\/domzastaralicapadina.com\/wp-content\/uploads\/2025\/08\/kapija-1024x576.jpg 1024w, https:\/\/domzastaralicapadina.com\/wp-content\/uploads\/2025\/08\/kapija-768x432.jpg 768w, https:\/\/domzastaralicapadina.com\/wp-content\/uploads\/2025\/08\/kapija-1536x864.jpg 1536w, https:\/\/domzastaralicapadina.com\/wp-content\/uploads\/2025\/08\/kapija-18x10.jpg 18w\" sizes=\"(max-width: 1600px) 100vw, 1600px\" title=\"Fenix - Padina\" alt=\"\" \t\tclass=\"so-widget-image\"\/>\n\t<\/div>\n\n<\/div><\/div><\/div><div id=\"pgc-887-10-2\"  class=\"panel-grid-cell panel-grid-cell-empty panel-grid-cell-mobile-last\" ><\/div><div id=\"pgc-887-10-3\"  class=\"panel-grid-cell panel-grid-cell-empty\" ><\/div><\/div><div id=\"pg-887-11\"  class=\"panel-grid panel-no-style\" ><div id=\"pgc-887-11-0\"  class=\"panel-grid-cell\" ><div id=\"panel-887-11-0-0\" class=\"so-panel widget widget_sow-headline panel-first-child panel-last-child\" data-index=\"14\" ><div\n\t\t\t\n\t\t\tclass=\"so-widget-sow-headline so-widget-sow-headline-default-90ef914e735b-887\"\n\t\t\t\n\t\t><div class=\"sow-headline-container\">\n\t\t\t\t\t\t<div class=\"decoration\">\n\t\t\t\t\t\t<div class=\"decoration-inside\"><\/div>\n\t\t\t\t\t<\/div>\n\t\t\t\t\t<\/div>\n<\/div><\/div><\/div><\/div><div id=\"pg-887-12\"  class=\"panel-grid panel-no-style\" ><div id=\"pgc-887-12-0\"  class=\"panel-grid-cell\" ><div id=\"panel-887-12-0-0\" class=\"so-panel widget widget_sow-headline panel-first-child panel-last-child\" data-index=\"15\" ><div\n\t\t\t\n\t\t\tclass=\"so-widget-sow-headline so-widget-sow-headline-default-90ef914e735b-887\"\n\t\t\t\n\t\t><div class=\"sow-headline-container\">\n\t\t\t\t\t\t<div class=\"decoration\">\n\t\t\t\t\t\t<div class=\"decoration-inside\"><\/div>\n\t\t\t\t\t<\/div>\n\t\t\t\t\t<\/div>\n<\/div><\/div><\/div><\/div><div id=\"pg-887-13\"  class=\"panel-grid panel-has-style\" ><div class=\"siteorigin-panels-stretch panel-row-style panel-row-style-for-887-13\" data-stretch-type=\"full\" ><div id=\"pgc-887-13-0\"  class=\"panel-grid-cell\" ><div id=\"panel-887-13-0-0\" class=\"so-panel widget widget_sow-editor panel-first-child panel-last-child\" data-index=\"16\" ><div\n\t\t\t\n\t\t\tclass=\"so-widget-sow-editor so-widget-sow-editor-base\"\n\t\t\t\n\t\t>\n<div class=\"siteorigin-widget-tinymce textwidget\">\n\t<p><iframe style=\"border: 0;\" title=\"Dom za stare Padina\" src=\"https:\/\/www.google.com\/maps\/embed?pb=!1m18!1m12!1m3!1d2815.4334961689997!2d20.723460275739843!3d45.11755065650162!2m3!1f0!2f0!3f0!3m2!1i1024!2i768!4f13.1!3m3!1m2!1s0x475a9a4f696b1313%3A0x30750d217e696b4c!2sDom%20za%20stare%2C%20Fenix%20Padina!5e0!3m2!1sen!2srs!4v1731828740842!5m2!1sen!2srs\" width=\"100%\" height=\"450\" allowfullscreen=\"\" loading=\"lazy\" referrerpolicy=\"no-referrer-when-downgrade\"><\/iframe><\/p>\n<\/div>\n<\/div><\/div><\/div><\/div><\/div><\/div>","protected":false},"excerpt":{"rendered":"<p>KAKO DO NAS Beograd &#8211; Zemun &#8211; Pupinov most 1.\u00a0 Beograd &#8211; Zemun 2.\u00a0 Zemun &#8211; Pupinov Most 3.\u00a0 Uklju\u010divanje [&hellip;]<\/p>\n","protected":false},"author":1,"featured_media":0,"parent":0,"menu_order":0,"comment_status":"closed","ping_status":"closed","template":"","meta":{"site-sidebar-layout":"default","site-content-layout":"","ast-site-content-layout":"full-width-container","site-content-style":"default","site-sidebar-style":"default","ast-global-header-display":"","ast-banner-title-visibility":"","ast-main-header-display":"","ast-hfb-above-header-display":"","ast-hfb-below-header-display":"","ast-hfb-mobile-header-display":"","site-post-title":"disabled","ast-breadcrumbs-content":"","ast-featured-img":"","footer-sml-layout":"","ast-disable-related-posts":"","theme-transparent-header-meta":"enabled","adv-header-id-meta":"","stick-header-meta":"","header-above-stick-meta":"","header-main-stick-meta":"","header-below-stick-meta":"","astra-migrate-meta-layouts":"set","ast-page-background-enabled":"default","ast-page-background-meta":{"desktop":{"background-color":"var(--ast-global-color-4)","background-image":"","background-repeat":"repeat","background-position":"center center","background-size":"auto","background-attachment":"scroll","background-type":"","background-media":"","overlay-type":"","overlay-color":"","overlay-opacity":"","overlay-gradient":""},"tablet":{"background-color":"","background-image":"","background-repeat":"repeat","background-position":"center center","background-size":"auto","background-attachment":"scroll","background-type":"","background-media":"","overlay-type":"","overlay-color":"","overlay-opacity":"","overlay-gradient":""},"mobile":{"background-color":"","background-image":"","background-repeat":"repeat","background-position":"center center","background-size":"auto","background-attachment":"scroll","background-type":"","background-media":"","overlay-type":"","overlay-color":"","overlay-opacity":"","overlay-gradient":""}},"ast-content-background-meta":{"desktop":{"background-color":"var(--ast-global-color-5)","background-image":"","background-repeat":"repeat","background-position":"center center","background-size":"auto","background-attachment":"scroll","background-type":"","background-media":"","overlay-type":"","overlay-color":"","overlay-opacity":"","overlay-gradient":""},"tablet":{"background-color":"var(--ast-global-color-5)","background-image":"","background-repeat":"repeat","background-position":"center center","background-size":"auto","background-attachment":"scroll","background-type":"","background-media":"","overlay-type":"","overlay-color":"","overlay-opacity":"","overlay-gradient":""},"mobile":{"background-color":"var(--ast-global-color-5)","background-image":"","background-repeat":"repeat","background-position":"center center","background-size":"auto","background-attachment":"scroll","background-type":"","background-media":"","overlay-type":"","overlay-color":"","overlay-opacity":"","overlay-gradient":""}},"footnotes":""},"class_list":["post-887","page","type-page","status-publish","hentry"],"_links":{"self":[{"href":"https:\/\/domzastaralicapadina.com\/en\/wp-json\/wp\/v2\/pages\/887","targetHints":{"allow":["GET"]}}],"collection":[{"href":"https:\/\/domzastaralicapadina.com\/en\/wp-json\/wp\/v2\/pages"}],"about":[{"href":"https:\/\/domzastaralicapadina.com\/en\/wp-json\/wp\/v2\/types\/page"}],"author":[{"embeddable":true,"href":"https:\/\/domzastaralicapadina.com\/en\/wp-json\/wp\/v2\/users\/1"}],"replies":[{"embeddable":true,"href":"https:\/\/domzastaralicapadina.com\/en\/wp-json\/wp\/v2\/comments?post=887"}],"version-history":[{"count":36,"href":"https:\/\/domzastaralicapadina.com\/en\/wp-json\/wp\/v2\/pages\/887\/revisions"}],"predecessor-version":[{"id":1765,"href":"https:\/\/domzastaralicapadina.com\/en\/wp-json\/wp\/v2\/pages\/887\/revisions\/1765"}],"wp:attachment":[{"href":"https:\/\/domzastaralicapadina.com\/en\/wp-json\/wp\/v2\/media?parent=887"}],"curies":[{"name":"wp","href":"https:\/\/api.w.org\/{rel}","templated":true}]}}